{"id":2220,"date":"2025-06-25T17:15:03","date_gmt":"2025-06-25T17:15:03","guid":{"rendered":"https:\/\/mbresortorlando.com\/dev\/?page_id=2220"},"modified":"2025-12-30T19:04:48","modified_gmt":"2025-12-30T19:04:48","slug":"mb-signature","status":"publish","type":"page","link":"https:\/\/mbresortorlando.com\/en\/mb-signature\/","title":{"rendered":"MB Signature"},"content":{"rendered":"<div data-elementor-type=\"wp-page\" data-elementor-id=\"2220\" class=\"elementor elementor-2220\" data-elementor-settings=\"{&quot;page_masthead_image_height&quot;:{&quot;unit&quot;:&quot;px&quot;,&quot;size&quot;:900,&quot;sizes&quot;:[]},&quot;page_masthead_image_height_tablet&quot;:{&quot;unit&quot;:&quot;vh&quot;,&quot;size&quot;:70,&quot;sizes&quot;:[]},&quot;page_masthead_image_height_mobile&quot;:{&quot;unit&quot;:&quot;vh&quot;,&quot;size&quot;:50,&quot;sizes&quot;:[]}}\" data-elementor-post-type=\"page\">\n\t\t\t\t\t\t<section class=\"elementor-section elementor-top-section elementor-element elementor-element-0d3c336 elementor-section-full_width bg-dark elementor-section-height-default elementor-section-height-default\" data-id=\"0d3c336\" data-element_type=\"section\">\n\t\t\t\t\t\t<div class=\"elementor-container elementor-column-gap-no\">\n\t\t\t\t\t<div class=\"elementor-column elementor-col-100 elementor-top-column elementor-element elementor-element-fcc7532\" data-id=\"fcc7532\" data-element_type=\"column\">\n\t\t\t<div class=\"elementor-widget-wrap elementor-element-populated\">\n\t\t\t\t\t\t<div class=\"elementor-element elementor-element-3ad3ab6 elementor-widget elementor-widget-cassio-widget-hero\" data-id=\"3ad3ab6\" data-element_type=\"widget\" data-widget_type=\"cassio-widget-hero.default\">\n\t\t\t\t<div class=\"elementor-widget-container\">\n\t\t\t\t\t\n\t\t<div class=\"section section-intro section-masthead text-center section-fullheight\">\n\t\t\t<div class=\"section-masthead__inner section-intro__inner container-fluid section-fullheight__inner\">\n\t\t\t\t\t\t\t\t\t<header class=\"row section-intro__header section-masthead__header justify-content-center\">\n\t\t\t\t\t\t<div class=\"col-lg-12\">\n\t\t\t\t\t\t\t\t\t\t\t\t\t\t\t<div class=\"section-masthead__subheading section-intro__subheading subheading h6\">MORE THAN 13 YEARS REVOLUTIONIZING THE REAL ESTATE MARKET<\/div>\n\t\t\t\t\t\t\t\t<div class=\"w-100\"><\/div>\n\t\t\t\t\t\t\t\t\t\t\t\t\t\t\t\t\t\t\t\t\t\t<h1 class=\"section-masthead__heading section-intro__heading text-xl\"> <\/h1>\n\t\t\t\t\t\t\t\t\t\t\t\t\t\t\t\t\t\t\t\t<\/div>\n\t\t\t\t\t\t\t\t\t\t\t\t\t<div class=\"w-100\"><\/div>\n\t\t\t\t\t\t\t\t\t\t\t\t\t\t\t\t\t\t\t<div class=\"col-lg-12\">\n\t\t\t\t\t\t\t\t<div class=\"section-masthead__text\"><p><img fetchpriority=\"high\" decoding=\"async\" width=\"408\" height=\"341\" class=\"alignnone wp-image-2891\" src=\"https:\/\/mbresortorlando.com\/wp-content\/uploads\/2025\/06\/experiencia_arquitectonica2tipologias-1.png\" alt=\"\" srcset=\"https:\/\/mbresortorlando.com\/wp-content\/uploads\/2025\/06\/experiencia_arquitectonica2tipologias-1.png 408w, https:\/\/mbresortorlando.com\/wp-content\/uploads\/2025\/06\/experiencia_arquitectonica2tipologias-1-300x251.png 300w\" sizes=\"(max-width: 408px) 100vw, 408px\" \/><\/p><\/div>\n\t\t\t\t\t\t\t<\/div>\n\t\t\t\t\t\t\t\t\t\t\t<\/header>\n\t\t\t\t\t\t\t\t\t\t\t<\/div>\n\t\t\t\t\t\t\t\t\t\t<div class=\"section-masthead__wrapper-scroll-down\">\n\t\t\t\t\t<div class=\"scroll-down js-scroll-down\">\n\t\t\t\t\t\t<div class=\"scroll-down__circle-1\"><\/div>\n\t\t\t\t\t\t<div class=\"scroll-down__line\"><\/div>\n\t\t\t\t\t\t<div class=\"scroll-down__circle-2\"><\/div>\n\t\t\t\t\t<\/div>\n\t\t\t\t<\/div>\n\t\t\t\t\t<\/div>\n\n\t\t\t\t\t\t<\/div>\n\t\t\t\t<\/div>\n\t\t\t\t\t<\/div>\n\t\t<\/div>\n\t\t\t\t\t<\/div>\n\t\t<\/section>\n\t\t\t\t<section class=\"elementor-section elementor-top-section elementor-element elementor-element-47533f6 section_pt section_pb bg-white elementor-section-full_width elementor-section-content-bottom container-fluid elementor-section-height-default elementor-section-height-default\" data-id=\"47533f6\" data-element_type=\"section\" data-settings=\"{&quot;background_background&quot;:&quot;classic&quot;}\">\n\t\t\t\t\t\t\t<div class=\"elementor-background-overlay\"><\/div>\n\t\t\t\t\t\t\t<div class=\"elementor-container elementor-column-gap-no\">\n\t\t\t\t\t<div class=\"elementor-column elementor-col-100 elementor-top-column elementor-element elementor-element-b6abba6\" data-id=\"b6abba6\" data-element_type=\"column\">\n\t\t\t<div class=\"elementor-widget-wrap elementor-element-populated\">\n\t\t\t\t\t\t<div class=\"elementor-element elementor-element-5e472d2 elementor-widget__width-initial elementor-invisible elementor-widget elementor-widget-heading\" data-id=\"5e472d2\" data-element_type=\"widget\" data-settings=\"{&quot;_animation&quot;:&quot;fadeInUp&quot;}\" data-widget_type=\"heading.default\">\n\t\t\t\t<div class=\"elementor-widget-container\">\n\t\t\t\t\t<h1 class=\"elementor-heading-title elementor-size-default\">MB Signature Properties<\/h1>\t\t\t\t<\/div>\n\t\t\t\t<\/div>\n\t\t\t\t<div class=\"elementor-element elementor-element-f10c04e elementor-widget-divider--view-line elementor-widget elementor-widget-divider\" data-id=\"f10c04e\" data-element_type=\"widget\" data-widget_type=\"divider.default\">\n\t\t\t\t<div class=\"elementor-widget-container\">\n\t\t\t\t\t\t\t<div class=\"elementor-divider\">\n\t\t\t<span class=\"elementor-divider-separator\">\n\t\t\t\t\t\t<\/span>\n\t\t<\/div>\n\t\t\t\t\t\t<\/div>\n\t\t\t\t<\/div>\n\t\t\t\t<div class=\"elementor-element elementor-element-e2d63f7 elementor-widget elementor-widget-text-editor\" data-id=\"e2d63f7\" data-element_type=\"widget\" data-widget_type=\"text-editor.default\">\n\t\t\t\t<div class=\"elementor-widget-container\">\n\t\t\t\t\t\t\t\t\t<p>It was born from a clear dream: to build the largest investor community in LATAM, through properties that could not only be enjoyed but also generate real passive income, in an accessible and headache-free way. All under a flexible model that gives each investor the power to choose what to do with their property according to their strategy.<\/p>\t\t\t\t\t\t\t\t<\/div>\n\t\t\t\t<\/div>\n\t\t\t\t\t<\/div>\n\t\t<\/div>\n\t\t\t\t\t<\/div>\n\t\t<\/section>\n\t\t\t\t<section class=\"elementor-section elementor-top-section elementor-element elementor-element-1823fd1 section_pt-small section_pb-small bg-white elementor-section-full_width elementor-section-content-bottom container-fluid elementor-section-height-min-height elementor-section-height-default elementor-section-items-middle\" data-id=\"1823fd1\" data-element_type=\"section\" data-settings=\"{&quot;background_background&quot;:&quot;classic&quot;,&quot;background_motion_fx_motion_fx_scrolling&quot;:&quot;yes&quot;,&quot;background_motion_fx_translateY_effect&quot;:&quot;yes&quot;,&quot;background_motion_fx_translateY_speed&quot;:{&quot;unit&quot;:&quot;px&quot;,&quot;size&quot;:6.5,&quot;sizes&quot;:[]},&quot;background_motion_fx_translateY_affectedRange&quot;:{&quot;unit&quot;:&quot;%&quot;,&quot;size&quot;:&quot;&quot;,&quot;sizes&quot;:{&quot;start&quot;:0,&quot;end&quot;:100}},&quot;background_motion_fx_devices&quot;:[&quot;desktop&quot;,&quot;tablet&quot;,&quot;mobile&quot;]}\">\n\t\t\t\t\t\t<div class=\"elementor-container elementor-column-gap-no\">\n\t\t\t\t\t<div class=\"elementor-column elementor-col-100 elementor-top-column elementor-element elementor-element-12b46a2\" data-id=\"12b46a2\" data-element_type=\"column\">\n\t\t\t<div class=\"elementor-widget-wrap elementor-element-populated\">\n\t\t\t\t\t\t<div class=\"elementor-element elementor-element-dbd7695 elementor-hidden-desktop elementor-hidden-tablet elementor-widget elementor-widget-image\" data-id=\"dbd7695\" data-element_type=\"widget\" data-widget_type=\"image.default\">\n\t\t\t\t<div class=\"elementor-widget-container\">\n\t\t\t\t\t\t\t\t\t\t\t\t\t\t\t<img decoding=\"async\" width=\"800\" height=\"450\" src=\"https:\/\/mbresortorlando.com\/wp-content\/uploads\/2025\/07\/Lago_di\u0301a_fondo-1024x576.jpg\" class=\"attachment-large size-large wp-image-3457\" alt=\"\" srcset=\"https:\/\/mbresortorlando.com\/wp-content\/uploads\/2025\/07\/Lago_di\u0301a_fondo-1024x576.jpg 1024w, https:\/\/mbresortorlando.com\/wp-content\/uploads\/2025\/07\/Lago_di\u0301a_fondo-300x169.jpg 300w, https:\/\/mbresortorlando.com\/wp-content\/uploads\/2025\/07\/Lago_di\u0301a_fondo-768x432.jpg 768w, https:\/\/mbresortorlando.com\/wp-content\/uploads\/2025\/07\/Lago_di\u0301a_fondo-1536x864.jpg 1536w, https:\/\/mbresortorlando.com\/wp-content\/uploads\/2025\/07\/Lago_di\u0301a_fondo.jpg 1920w\" sizes=\"(max-width: 800px) 100vw, 800px\" \/>\t\t\t\t\t\t\t\t\t\t\t\t\t\t\t<\/div>\n\t\t\t\t<\/div>\n\t\t\t\t\t<\/div>\n\t\t<\/div>\n\t\t\t\t\t<\/div>\n\t\t<\/section>\n\t\t\t\t<section class=\"elementor-section elementor-top-section elementor-element elementor-element-4d30c41 section_pt section_pb bg-white elementor-section-full_width elementor-section-content-bottom container-fluid elementor-section-height-default elementor-section-height-default\" data-id=\"4d30c41\" data-element_type=\"section\" data-settings=\"{&quot;background_background&quot;:&quot;classic&quot;}\">\n\t\t\t\t\t\t<div class=\"elementor-container elementor-column-gap-no\">\n\t\t\t\t\t<div class=\"elementor-column elementor-col-100 elementor-top-column elementor-element elementor-element-6d08926\" data-id=\"6d08926\" data-element_type=\"column\">\n\t\t\t<div class=\"elementor-widget-wrap elementor-element-populated\">\n\t\t\t\t\t\t<div class=\"elementor-element elementor-element-25c82ec elementor-widget elementor-widget-text-editor\" data-id=\"25c82ec\" data-element_type=\"widget\" data-widget_type=\"text-editor.default\">\n\t\t\t\t<div class=\"elementor-widget-container\">\n\t\t\t\t\t\t\t\t\t<p>After 13 years developing projects in Mexico and the United States, we understood something: owning property in the United States <strong>it should be accessible to everyone.<\/strong> Today, the world demands new ways to invest\u2014accessible and purposeful. Dynamic Properties is our answer: a paradigm-shifting model that delivers real flexibility and opens the door to a new kind of global wealth.<\/p><p>That's why <strong>we created MB Resort Orlando,<\/strong> Our 18th project and the first under the Dynamic Properties concept: a disruptive model, designed for the modern investor who seeks to diversify their assets in the USA, without risking large amounts of capital, with legal certainty, total flexibility and the power to decide how to enjoy, rent or exchange their property.<\/p>\t\t\t\t\t\t\t\t<\/div>\n\t\t\t\t<\/div>\n\t\t\t\t<div class=\"elementor-element elementor-element-ca498c7 elementor-widget elementor-widget-button\" data-id=\"ca498c7\" data-element_type=\"widget\" data-widget_type=\"button.default\">\n\t\t\t\t<div class=\"elementor-widget-container\">\n\t\t\t\t\t\t\t\t\t<div class=\"elementor-button-wrapper\">\n\t\t\t\t\t<a class=\"elementor-button elementor-button-link elementor-size-sm\" href=\"#\">\n\t\t\t\t\t\t<span class=\"elementor-button-content-wrapper\">\n\t\t\t\t\t\t\t\t\t<span class=\"elementor-button-text\">Discover more about Dynamic Properties<\/span>\n\t\t\t\t\t<\/span>\n\t\t\t\t\t<\/a>\n\t\t\t\t<\/div>\n\t\t\t\t\t\t\t\t<\/div>\n\t\t\t\t<\/div>\n\t\t\t\t\t<\/div>\n\t\t<\/div>\n\t\t\t\t\t<\/div>\n\t\t<\/section>\n\t\t<div class=\"elementor-element elementor-element-1ed136f e-flex e-con-boxed e-con e-parent\" data-id=\"1ed136f\" data-element_type=\"container\">\n\t\t\t\t\t<div class=\"e-con-inner\">\n\t\t<div class=\"elementor-element elementor-element-5d1ec8f e-con-full e-flex e-con e-child\" data-id=\"5d1ec8f\" data-element_type=\"container\">\n\t\t\t\t<\/div>\n\t\t<div class=\"elementor-element elementor-element-661d543 e-con-full e-flex e-con e-child\" data-id=\"661d543\" data-element_type=\"container\">\n\t\t\t\t<div class=\"elementor-element elementor-element-e1c4e5b elementor-widget elementor-widget-cassio-widget-team-member\" data-id=\"e1c4e5b\" data-element_type=\"widget\" data-widget_type=\"cassio-widget-team-member.default\">\n\t\t\t\t<div class=\"elementor-widget-container\">\n\t\t\t\t\t\n\t\t<div class=\"figure-member figure-member_has-social\">\n\t\t\t\t\t\t\t<div class=\"figure-member__wrapper-img\">\n\t\t\t\t\t<div class=\"figure-member__wrapper-img-inner\">\n\t\t\t\t\t\t\t\t\t\t\t\t\t\t\t\t\t\t\t\t<div class=\"grayscale lazy\"  style=\"padding-bottom: calc( (766 \/ 625) * 100% ); height: 0;\">\n\t\t\t\t\t\t\t\t\t\t\t\t\t\t\t\t\t\t\t\t<img decoding=\"async\" class=\"\" src=\"data:image\/png;base64,iVBORw0KGgoAAAANSUhEUgAAAAEAAAABCAQAAAHCGzyUAAAABGdBTUEAALGPC\/xhBQAAADhlWElmTU0AKgAAAAgAAYdpAAQAAAABAAAAGgAAAAAAAqACAAQAAAABAAAAAaADAAQAAAABAAAAAQAAAADa6r\/EAAAAC0lEQVQI12NolQQAASYAn89qhTcAAAAASUVORK5CYII=\" data-src=\"https:\/\/mbresortorlando.com\/wp-content\/uploads\/2025\/06\/Blog1-1-e1750942207390.webp\" data-srcset=\"\" data-sizes=\"\" alt=\"\"  \/>\n\t\t\t\t\t\t\t\t\t\t\t\t\t\t\t\t\t\t\t\t<\/div>\n\t\t\t\t\t\t\t\t\t\t\t\t\t<div >\n\t\t\t\t\t\t\t<img >\n\t\t\t\t\t\t<\/div>\n\t\t\t\t\t\t<div class=\"figure-member__curtain\"><\/div>\n\t\t\t\t\t<\/div>\n\t\t\t\t\t\t\t\t\t\t\t<div class=\"figure-member__social\">\n\t\t\t\t\t\t\t<ul class=\"social\">\n\t\t\t\t\t\t\t\t\t\t\t\t\t\t\t\t\t<li class=\"social__item\">\n\t\t\t\t\t\t\t\t\t\t\t\t\t\t\t\t\t\t\t\t<a class=\"lnr lnr-home\" href=\"https:\/\/mbsignatureproperties.com\/conoce-a-nuestro-ceo-visionario-e-innovador-en-real-state\/\"  target=\"_blank\"  rel=\"nofollow\">\n\t\t\t\t\t\t\t\t\t\t<\/a>\n\t\t\t\t\t\t\t\t\t<\/li>\n\t\t\t\t\t\t\t\t\t\t\t\t\t\t\t\t\t<li class=\"social__item\">\n\t\t\t\t\t\t\t\t\t\t\t\t\t\t\t\t\t\t\t\t<a class=\"fa fa-linkedin\" href=\"https:\/\/l.instagram.com\/?u=https%3A%2F%2Flinktr.ee%2FMiguelBarbosa.M%3Ffbclid%3DPAZXh0bgNhZW0CMTEAAac1VcUProWgCU1C97zi91o7zEidIS0BhM6P0smZ6OoYOzm96iZfhqe1a997ZA_aem_BlbNaeEoySK7aX_VeqNFmA&e=AT2kEsj-hNvNQDiCtlh05eyggrcxaLeGnP18PDfNYWgI1UOSRcDXwm4OUHMBO7OlOlHmsNq8nXSs0mTsdvmaeCnKsq6ce7LM26rhAw\"  target=\"_blank\"  rel=\"nofollow\">\n\t\t\t\t\t\t\t\t\t\t<\/a>\n\t\t\t\t\t\t\t\t\t<\/li>\n\t\t\t\t\t\t\t\t\t\t\t\t\t\t\t\t\t<li class=\"social__item\">\n\t\t\t\t\t\t\t\t\t\t\t\t\t\t\t\t\t\t\t\t<a class=\"fa fa-instagram\" href=\"https:\/\/www.instagram.com\/miguelbarbosa_m\/\"  target=\"_blank\"  rel=\"nofollow\">\n\t\t\t\t\t\t\t\t\t\t<\/a>\n\t\t\t\t\t\t\t\t\t<\/li>\n\t\t\t\t\t\t\t\t\t\t\t\t\t\t\t<\/ul>\n\t\t\t\t\t\t<\/div>\n\t\t\t\t\t\t<div class=\"figure-member__line\"><\/div>\n\t\t\t\t\t\t\t\t\t<\/div>\n\t\t\t\t\t\t\t\t\t\t<div class=\"figure-member__content\">\n\t\t\t\t\t\t\t\t\t\t\t<h3 class=\"figure-member__name h4\">Miguel Barbosa<\/h3>\n\t\t\t\t\t\t\t\t\t\t\t\t\t\t\t\t<div class=\"figure-member__position\">\n\t\t\t\t\t\t\t<span >CEO <\/span>\n\t\t\t\t\t\t<\/div>\n\t\t\t\t\t\t\t\t\t<\/div>\n\t\t\t\t\t<\/div>\n\n\t\t\t\t\t\t<\/div>\n\t\t\t\t<\/div>\n\t\t\t\t<\/div>\n\t\t<div class=\"elementor-element elementor-element-232b6f1 e-con-full e-flex e-con e-child\" data-id=\"232b6f1\" data-element_type=\"container\">\n\t\t\t\t<\/div>\n\t\t<div class=\"elementor-element elementor-element-c140833 e-con-full e-flex e-con e-child\" data-id=\"c140833\" data-element_type=\"container\">\n\t\t\t\t<div class=\"elementor-element elementor-element-a97ae75 elementor-widget elementor-widget-image\" data-id=\"a97ae75\" data-element_type=\"widget\" data-widget_type=\"image.default\">\n\t\t\t\t<div class=\"elementor-widget-container\">\n\t\t\t\t\t\t\t\t\t\t\t\t\t\t\t<img decoding=\"async\" width=\"477\" height=\"158\" src=\"https:\/\/mbresortorlando.com\/wp-content\/uploads\/2025\/08\/arquisuenos.png\" class=\"attachment-large size-large wp-image-4639\" alt=\"\" srcset=\"https:\/\/mbresortorlando.com\/wp-content\/uploads\/2025\/08\/arquisuenos.png 477w, https:\/\/mbresortorlando.com\/wp-content\/uploads\/2025\/08\/arquisuenos-300x99.png 300w\" sizes=\"(max-width: 477px) 100vw, 477px\" \/>\t\t\t\t\t\t\t\t\t\t\t\t\t\t\t<\/div>\n\t\t\t\t<\/div>\n\t\t\t\t<div class=\"elementor-element elementor-element-f158427 elementor-widget elementor-widget-text-editor\" data-id=\"f158427\" data-element_type=\"widget\" data-widget_type=\"text-editor.default\">\n\t\t\t\t<div class=\"elementor-widget-container\">\n\t\t\t\t\t\t\t\t\t<p>Miguel Barbosa, <strong>CEO of MB Signature Properties<\/strong> And the visionary behind this great revolution is a proudly Yucatecan architect who has dedicated more than a decade to transforming the way real estate is invested in.<\/p><p>He has built a global vision firmly rooted in his dreams: to give thousands of Latin Americans the opportunity to diversify their wealth in the most luxurious tower in Orlando, Florida, and at the same time the most accessible in the United States, with individual title deeds starting at <strong>$35,000 USD.<\/strong><\/p>\t\t\t\t\t\t\t\t<\/div>\n\t\t\t\t<\/div>\n\t\t\t\t<div class=\"elementor-element elementor-element-2fad2d0 elementor-invisible elementor-widget elementor-widget-heading\" data-id=\"2fad2d0\" data-element_type=\"widget\" data-settings=\"{&quot;_animation&quot;:&quot;fadeInLeft&quot;}\" data-widget_type=\"heading.default\">\n\t\t\t\t<div class=\"elementor-widget-container\">\n\t\t\t\t\t<h3 class=\"elementor-heading-title elementor-size-default\">This is his dream. And today, it's starting to come true.<\/h3>\t\t\t\t<\/div>\n\t\t\t\t<\/div>\n\t\t\t\t<\/div>\n\t\t\t\t\t<\/div>\n\t\t\t\t<\/div>\n\t\t\t\t<section class=\"elementor-section elementor-top-section elementor-element elementor-element-05223cc bg-white elementor-section-content-bottom elementor-section-boxed elementor-section-height-default elementor-section-height-default\" data-id=\"05223cc\" data-element_type=\"section\" data-settings=\"{&quot;background_background&quot;:&quot;classic&quot;}\">\n\t\t\t\t\t\t<div class=\"elementor-container elementor-column-gap-default\">\n\t\t\t\t\t<div class=\"elementor-column elementor-col-100 elementor-top-column elementor-element elementor-element-9621a18\" data-id=\"9621a18\" data-element_type=\"column\">\n\t\t\t<div class=\"elementor-widget-wrap elementor-element-populated\">\n\t\t\t\t\t\t<div class=\"elementor-element elementor-element-fcfa126 elementor-widget elementor-widget-heading\" data-id=\"fcfa126\" data-element_type=\"widget\" data-widget_type=\"heading.default\">\n\t\t\t\t<div class=\"elementor-widget-container\">\n\t\t\t\t\t<h2 class=\"elementor-heading-title elementor-size-default\">Location<\/h2>\t\t\t\t<\/div>\n\t\t\t\t<\/div>\n\t\t\t\t\t<\/div>\n\t\t<\/div>\n\t\t\t\t\t<\/div>\n\t\t<\/section>\n\t\t\t\t<section class=\"elementor-section elementor-top-section elementor-element elementor-element-ed5b8c5 bg-white elementor-section-height-min-height elementor-section-content-bottom elementor-section-boxed elementor-section-height-default elementor-section-items-middle\" data-id=\"ed5b8c5\" data-element_type=\"section\" data-settings=\"{&quot;background_background&quot;:&quot;classic&quot;}\">\n\t\t\t\t\t\t<div class=\"elementor-container elementor-column-gap-default\">\n\t\t\t\t\t<div class=\"elementor-column elementor-col-50 elementor-top-column elementor-element elementor-element-821b8e4\" data-id=\"821b8e4\" data-element_type=\"column\" data-settings=\"{&quot;background_background&quot;:&quot;classic&quot;}\">\n\t\t\t<div class=\"elementor-widget-wrap elementor-element-populated\">\n\t\t\t\t\t\t<div class=\"elementor-element elementor-element-659e023 elementor-widget elementor-widget-heading\" data-id=\"659e023\" data-element_type=\"widget\" data-widget_type=\"heading.default\">\n\t\t\t\t<div class=\"elementor-widget-container\">\n\t\t\t\t\t<h2 class=\"elementor-heading-title elementor-size-default\">M\u00e9rida<\/h2>\t\t\t\t<\/div>\n\t\t\t\t<\/div>\n\t\t\t\t<div class=\"elementor-element elementor-element-af3a7f2 elementor-widget elementor-widget-heading\" data-id=\"af3a7f2\" data-element_type=\"widget\" data-widget_type=\"heading.default\">\n\t\t\t\t<div class=\"elementor-widget-container\">\n\t\t\t\t\t<h2 class=\"elementor-heading-title elementor-size-default\">Offices at Plaza City 32:\nC. 17 #299, Fundura Montebello, 97113 M\u00e9rida, Yucat\u00e1n<\/h2>\t\t\t\t<\/div>\n\t\t\t\t<\/div>\n\t\t\t\t\t<\/div>\n\t\t<\/div>\n\t\t\t\t<div class=\"elementor-column elementor-col-50 elementor-top-column elementor-element elementor-element-6bac9e6\" data-id=\"6bac9e6\" data-element_type=\"column\" data-settings=\"{&quot;background_background&quot;:&quot;classic&quot;}\">\n\t\t\t<div class=\"elementor-widget-wrap elementor-element-populated\">\n\t\t\t\t\t\t<div class=\"elementor-element elementor-element-5174cd4 elementor-widget elementor-widget-image\" data-id=\"5174cd4\" data-element_type=\"widget\" data-widget_type=\"image.default\">\n\t\t\t\t<div class=\"elementor-widget-container\">\n\t\t\t\t\t\t\t\t\t\t\t\t\t\t\t<img loading=\"lazy\" decoding=\"async\" width=\"800\" height=\"450\" src=\"https:\/\/mbresortorlando.com\/wp-content\/uploads\/2025\/07\/LobbyMB-1024x576.jpg\" class=\"attachment-large size-large wp-image-3642\" alt=\"\" srcset=\"https:\/\/mbresortorlando.com\/wp-content\/uploads\/2025\/07\/LobbyMB-1024x576.jpg 1024w, https:\/\/mbresortorlando.com\/wp-content\/uploads\/2025\/07\/LobbyMB-300x169.jpg 300w, https:\/\/mbresortorlando.com\/wp-content\/uploads\/2025\/07\/LobbyMB-768x432.jpg 768w, https:\/\/mbresortorlando.com\/wp-content\/uploads\/2025\/07\/LobbyMB-1536x864.jpg 1536w, https:\/\/mbresortorlando.com\/wp-content\/uploads\/2025\/07\/LobbyMB.jpg 1920w\" sizes=\"(max-width: 800px) 100vw, 800px\" \/>\t\t\t\t\t\t\t\t\t\t\t\t\t\t\t<\/div>\n\t\t\t\t<\/div>\n\t\t\t\t\t<\/div>\n\t\t<\/div>\n\t\t\t\t\t<\/div>\n\t\t<\/section>\n\t\t\t\t<\/div>","protected":false},"excerpt":{"rendered":"<p>M\u00c1S DE 13 A\u00d1OS REVOLUCIONANDO EL MERCADO INMOBILIARIO MB Signature Properties Naci\u00f3 con un sue\u00f1o claro: construir la comunidad de inversionistas m\u00e1s grande de LATAM, a trav\u00e9s de propiedades que no solo se pudieran disfrutar, sino que tambi\u00e9n generar\u00e1n ingresos pasivos reales, de forma accesible y sin dolores de cabeza. Todo bajo un modelo flexible [&hellip;]<\/p>","protected":false},"author":1,"featured_media":0,"parent":0,"menu_order":0,"comment_status":"closed","ping_status":"closed","template":"elementor_header_footer","meta":{"_acf_changed":false,"footnotes":""},"class_list":["post-2220","page","type-page","status-publish","hentry"],"acf":[],"_links":{"self":[{"href":"https:\/\/mbresortorlando.com\/en\/wp-json\/wp\/v2\/pages\/2220","targetHints":{"allow":["GET"]}}],"collection":[{"href":"https:\/\/mbresortorlando.com\/en\/wp-json\/wp\/v2\/pages"}],"about":[{"href":"https:\/\/mbresortorlando.com\/en\/wp-json\/wp\/v2\/types\/page"}],"author":[{"embeddable":true,"href":"https:\/\/mbresortorlando.com\/en\/wp-json\/wp\/v2\/users\/1"}],"replies":[{"embeddable":true,"href":"https:\/\/mbresortorlando.com\/en\/wp-json\/wp\/v2\/comments?post=2220"}],"version-history":[{"count":154,"href":"https:\/\/mbresortorlando.com\/en\/wp-json\/wp\/v2\/pages\/2220\/revisions"}],"predecessor-version":[{"id":5694,"href":"https:\/\/mbresortorlando.com\/en\/wp-json\/wp\/v2\/pages\/2220\/revisions\/5694"}],"wp:attachment":[{"href":"https:\/\/mbresortorlando.com\/en\/wp-json\/wp\/v2\/media?parent=2220"}],"curies":[{"name":"wp","href":"https:\/\/api.w.org\/{rel}","templated":true}]}}