{"id":188,"date":"2019-09-20T07:33:03","date_gmt":"2019-09-20T07:33:03","guid":{"rendered":"https:\/\/artemsemkin.com\/wp\/?page_id=188"},"modified":"2026-01-12T23:04:57","modified_gmt":"2026-01-12T23:04:57","slug":"contacts","status":"publish","type":"page","link":"https:\/\/mbresortorlando.com\/en\/contacts\/","title":{"rendered":"Contact"},"content":{"rendered":"<div data-elementor-type=\"wp-page\" data-elementor-id=\"188\" class=\"elementor elementor-188\" data-elementor-settings=\"{&quot;page_masthead_image_height&quot;:{&quot;unit&quot;:&quot;px&quot;,&quot;size&quot;:900,&quot;sizes&quot;:[]},&quot;page_masthead_image_height_tablet&quot;:{&quot;unit&quot;:&quot;vh&quot;,&quot;size&quot;:70,&quot;sizes&quot;:[]},&quot;page_masthead_image_height_mobile&quot;:{&quot;unit&quot;:&quot;vh&quot;,&quot;size&quot;:50,&quot;sizes&quot;:[]}}\" data-elementor-post-type=\"page\">\n\t\t\t\t\t\t<section class=\"elementor-section elementor-top-section elementor-element elementor-element-c6438ba elementor-section-full_width bg-dark elementor-section-height-default elementor-section-height-default\" data-id=\"c6438ba\" data-element_type=\"section\" data-settings=\"{&quot;background_background&quot;:&quot;classic&quot;}\">\n\t\t\t\t\t\t<div class=\"elementor-container elementor-column-gap-no\">\n\t\t\t\t\t<div class=\"elementor-column elementor-col-100 elementor-top-column elementor-element elementor-element-425ccaa\" data-id=\"425ccaa\" data-element_type=\"column\">\n\t\t\t<div class=\"elementor-widget-wrap elementor-element-populated\">\n\t\t\t\t\t\t<div class=\"elementor-element elementor-element-ad34941 elementor-widget elementor-widget-cassio-widget-hero\" data-id=\"ad34941\" data-element_type=\"widget\" data-widget_type=\"cassio-widget-hero.default\">\n\t\t\t\t<div class=\"elementor-widget-container\">\n\t\t\t\t\t\n\t\t<div class=\"section section-intro section-masthead text-left section-fullheight\" data-os-animation=\"\">\n\t\t\t<div class=\"section-masthead__inner section-intro__inner container section-fullheight__inner\">\n\t\t\t\t\t\t\t\t\t<header class=\"row section-intro__header section-masthead__header justify-content-start\">\n\t\t\t\t\t\t<div class=\"col-lg-6\">\n\t\t\t\t\t\t\t\t\t\t\t\t\t\t\t<div class=\"section-masthead__subheading section-intro__subheading subheading h6 split-text js-split-text\" data-split-text-type=\"lines, words, chars\" data-split-text-set=\"chars\"> <\/div>\n\t\t\t\t\t\t\t\t<div class=\"w-100\"><\/div>\n\t\t\t\t\t\t\t\t\t\t\t\t\t\t\t\t\t\t\t\t\t\t<h1 class=\"section-masthead__heading section-intro__heading text-xl heading-light split-text js-split-text\" data-split-text-type=\"lines, words, chars\" data-split-text-set=\"chars\"> Contact<\/h1>\n\t\t\t\t\t\t\t\t\t\t\t\t\t\t\t\t\t\t\t\t<\/div>\n\t\t\t\t\t\t\t\t\t\t\t\t\t<div class=\"w-100\"><\/div>\n\t\t\t\t\t\t\t\t\t\t\t\t\t\t\t\t\t\t\t<div class=\"col-lg-6\">\n\t\t\t\t\t\t\t\t<div class=\"section-masthead__text split-text js-split-text\" data-split-text-type=\"lines\" data-split-text-set=\"lines\"><p>Complete the form and one of our advisors will contact you within 24 hours to answer your questions, send you detailed investment information, and show you how to secure your place in <strong data-start=\"298\" data-end=\"319\">MB Resort Orlando<\/strong>.<\/p><\/div>\n\t\t\t\t\t\t\t<\/div>\n\t\t\t\t\t\t\t\t\t\t\t<\/header>\n\t\t\t\t\t\t\t\t\t\t\t<\/div>\n\t\t\t\t\t\t\t\t\t\t\t\t\t\t\t\t\t\t\t\t\t\t\t\t\t\t<div class=\"section-masthead__background section-masthead__background_fullscreen\" data-art-parallax=\"image\" data-art-parallax-factor=\"0.12\">\n\t\t\t\t\t\t\t\t\t\t\t<div class=\"art-parallax__wrapper\">\n\t\t\t\t\t\t\t\t\t\t\t\t\t<video class=\"art-parallax__bg of-cover\" src=\"https:\/\/mbresortorlando.com\/wp-content\/uploads\/2025\/06\/interiores_1.mp4\" playsinline loop muted autoplay><\/video>\n\t\t\t\t\t\t\t\t\t\t\t  <\/div>\n\t\t\t\t\t\t\t\t\t\t\t\t\t<\/div>\n\t\t\t\t\t\t\t\t\t\t\t\t\t\t\t<div class=\"overlay overlay_dark section-image__overlay\"><\/div>\n\t\t\t\t\t\t\t\t<\/div>\n\n\t\t\t\t\t\t<\/div>\n\t\t\t\t<\/div>\n\t\t\t\t\t<\/div>\n\t\t<\/div>\n\t\t\t\t\t<\/div>\n\t\t<\/section>\n\t\t\t\t<section class=\"elementor-section elementor-top-section elementor-element elementor-element-08fd915 elementor-section-full_width container-fluid bg-light elementor-section-height-default elementor-section-height-default\" data-id=\"08fd915\" data-element_type=\"section\">\n\t\t\t\t\t\t<div class=\"elementor-container elementor-column-gap-no\">\n\t\t\t\t\t<div class=\"elementor-column elementor-col-100 elementor-top-column elementor-element elementor-element-b6ed832\" data-id=\"b6ed832\" data-element_type=\"column\">\n\t\t\t<div class=\"elementor-widget-wrap elementor-element-populated\">\n\t\t\t\t\t\t<section class=\"elementor-section elementor-inner-section elementor-element elementor-element-5698bbd bg-white section_pt-small section_pb elementor-section-boxed elementor-section-height-default elementor-section-height-default\" data-id=\"5698bbd\" data-element_type=\"section\">\n\t\t\t\t\t\t<div class=\"elementor-container elementor-column-gap-wide\">\n\t\t\t\t\t<div class=\"elementor-column elementor-col-33 elementor-inner-column elementor-element elementor-element-b813eab\" data-id=\"b813eab\" data-element_type=\"column\">\n\t\t\t<div class=\"elementor-widget-wrap elementor-element-populated\">\n\t\t\t\t\t\t<div class=\"elementor-element elementor-element-96ace4a elementor-widget elementor-widget-cassio-widget-contact\" data-id=\"96ace4a\" data-element_type=\"widget\" data-widget_type=\"cassio-widget-contact.default\">\n\t\t\t\t<div class=\"elementor-widget-container\">\n\t\t\t\t\t\n\t\t<div class=\"figure-contact\">\n\t\t\t\t\t\t\t<div class=\"figure-contact__icon fa fa-location-arrow\"><\/div>\n\t\t\t\t\t\t\t\t\t\t<div class=\"figure-contact__item\">Orlando Florida<\/div>\n\t\t\t\t\t<\/div>\n\n\t\t\t\t\t\t<\/div>\n\t\t\t\t<\/div>\n\t\t\t\t\t<\/div>\n\t\t<\/div>\n\t\t\t\t<div class=\"elementor-column elementor-col-33 elementor-inner-column elementor-element elementor-element-eaec3f0\" data-id=\"eaec3f0\" data-element_type=\"column\">\n\t\t\t<div class=\"elementor-widget-wrap elementor-element-populated\">\n\t\t\t\t\t\t<div class=\"elementor-element elementor-element-5483276 elementor-widget elementor-widget-cassio-widget-contact\" data-id=\"5483276\" data-element_type=\"widget\" data-widget_type=\"cassio-widget-contact.default\">\n\t\t\t\t<div class=\"elementor-widget-container\">\n\t\t\t\t\t\n\t\t<div class=\"figure-contact\">\n\t\t\t\t\t\t\t<div class=\"figure-contact__icon fa fa-phone\"><\/div>\n\t\t\t\t\t\t\t\t\t\t<div class=\"figure-contact__item\">+52 1 999 344 0697<\/div>\n\t\t\t\t\t<\/div>\n\n\t\t\t\t\t\t<\/div>\n\t\t\t\t<\/div>\n\t\t\t\t\t<\/div>\n\t\t<\/div>\n\t\t\t\t<div class=\"elementor-column elementor-col-33 elementor-inner-column elementor-element elementor-element-b847f59\" data-id=\"b847f59\" data-element_type=\"column\">\n\t\t\t<div class=\"elementor-widget-wrap elementor-element-populated\">\n\t\t\t\t\t\t<div class=\"elementor-element elementor-element-63bf83e elementor-widget elementor-widget-cassio-widget-contact\" data-id=\"63bf83e\" data-element_type=\"widget\" data-widget_type=\"cassio-widget-contact.default\">\n\t\t\t\t<div class=\"elementor-widget-container\">\n\t\t\t\t\t\n\t\t<div class=\"figure-contact\">\n\t\t\t\t\t\t\t<div class=\"figure-contact__icon fa fa-envelope\"><\/div>\n\t\t\t\t\t\t\t\t\t\t<div class=\"figure-contact__item\">contacto@mbresortorlando.com<\/div>\n\t\t\t\t\t<\/div>\n\n\t\t\t\t\t\t<\/div>\n\t\t\t\t<\/div>\n\t\t\t\t\t<\/div>\n\t\t<\/div>\n\t\t\t\t\t<\/div>\n\t\t<\/section>\n\t\t\t\t\t<\/div>\n\t\t<\/div>\n\t\t\t\t\t<\/div>\n\t\t<\/section>\n\t\t\t\t<\/div>","protected":false},"excerpt":{"rendered":"<p>Contacto Completa el formulario y uno de nuestros asesores se pondr\u00e1 en contacto contigo en menos de 24 horas para resolver tus dudas, enviarte informaci\u00f3n detallada de inversi\u00f3n y mostrarte c\u00f3mo asegurar tu lugar en MB Resort Orlando. Orlando Florida +52 1 999 344 0697 contacto@mbresortorlando.com<\/p>","protected":false},"author":1,"featured_media":1247,"parent":0,"menu_order":0,"comment_status":"closed","ping_status":"closed","template":"elementor_header_footer","meta":{"_acf_changed":false,"footnotes":""},"class_list":["post-188","page","type-page","status-publish","has-post-thumbnail","hentry"],"acf":[],"_links":{"self":[{"href":"https:\/\/mbresortorlando.com\/en\/wp-json\/wp\/v2\/pages\/188","targetHints":{"allow":["GET"]}}],"collection":[{"href":"https:\/\/mbresortorlando.com\/en\/wp-json\/wp\/v2\/pages"}],"about":[{"href":"https:\/\/mbresortorlando.com\/en\/wp-json\/wp\/v2\/types\/page"}],"author":[{"embeddable":true,"href":"https:\/\/mbresortorlando.com\/en\/wp-json\/wp\/v2\/users\/1"}],"replies":[{"embeddable":true,"href":"https:\/\/mbresortorlando.com\/en\/wp-json\/wp\/v2\/comments?post=188"}],"version-history":[{"count":144,"href":"https:\/\/mbresortorlando.com\/en\/wp-json\/wp\/v2\/pages\/188\/revisions"}],"predecessor-version":[{"id":5712,"href":"https:\/\/mbresortorlando.com\/en\/wp-json\/wp\/v2\/pages\/188\/revisions\/5712"}],"wp:featuredmedia":[{"embeddable":true,"href":"https:\/\/mbresortorlando.com\/en\/wp-json\/wp\/v2\/media\/1247"}],"wp:attachment":[{"href":"https:\/\/mbresortorlando.com\/en\/wp-json\/wp\/v2\/media?parent=188"}],"curies":[{"name":"wp","href":"https:\/\/api.w.org\/{rel}","templated":true}]}}